{"id":3,"date":"2023-12-16T12:03:53","date_gmt":"2023-12-16T12:03:53","guid":{"rendered":"https:\/\/innovecouture.vamtam.com\/?page_id=3"},"modified":"2023-12-16T12:03:53","modified_gmt":"2023-12-16T12:03:53","slug":"terms-conditions","status":"publish","type":"page","link":"https:\/\/nothinalter.com\/vi\/terms-conditions\/","title":{"rendered":"\u0110i\u1ec1u kho\u1ea3n v\u00e0 \u0111i\u1ec1u ki\u1ec7n"},"content":{"rendered":"<div data-elementor-type=\"wp-page\" data-elementor-id=\"3\" class=\"elementor elementor-3\" data-elementor-post-type=\"page\">\n\t\t\t\t<div class=\"elementor-element elementor-element-42f0eae4 e-flex e-con-boxed e-con e-parent\" data-id=\"42f0eae4\" data-element_type=\"container\" data-e-type=\"container\">\n\t\t\t\t\t<div class=\"e-con-inner\">\n\t\t\t\t<div class=\"elementor-element elementor-element-0bf66d1 elementor-widget elementor-widget-heading\" data-id=\"0bf66d1\" data-element_type=\"widget\" data-e-type=\"widget\" data-widget_type=\"heading.default\">\n\t\t\t\t<div class=\"elementor-widget-container\">\n\t\t\t\t\t<h3 class=\"elementor-heading-title elementor-size-default\">Ch\u00fang t\u00f4i l\u00e0 ai\n<\/h3>\t\t\t\t<\/div>\n\t\t\t\t<\/div>\n\t\t\t\t<div class=\"elementor-element elementor-element-b7d6839 elementor-widget elementor-widget-text-editor\" data-id=\"b7d6839\" data-element_type=\"widget\" data-e-type=\"widget\" data-widget_type=\"text-editor.default\">\n\t\t\t\t<div class=\"elementor-widget-container\">\n\t\t\t\t\t\t\t\t\t<p>Khi b\u1ea1n s\u1eed d\u1ee5ng Trang web c\u1ee7a ch\u00fang t\u00f4i, g\u1eedi email v\u00e0 c\u00e1c h\u00ecnh th\u1ee9c li\u00ean l\u1ea1c \u0111i\u1ec7n t\u1eed kh\u00e1c t\u1eeb m\u00e1y t\u00ednh \u0111\u1ec3 b\u00e0n ho\u1eb7c thi\u1ebft b\u1ecb di \u0111\u1ed9ng t\u1edbi ch\u00fang t\u00f4i, b\u1ea1n \u0111ang giao ti\u1ebfp v\u1edbi ch\u00fang t\u00f4i b\u1eb1ng ph\u01b0\u01a1ng th\u1ee9c \u0111i\u1ec7n t\u1eed. B\u1eb1ng vi\u1ec7c g\u1eedi \u0111i, b\u1ea1n \u0111\u1ed3ng \u00fd nh\u1eadn c\u00e1c li\u00ean h\u1ec7 tr\u1ea3 l\u1eddi t\u1eeb ch\u00fang t\u00f4i b\u1eb1ng h\u00ecnh th\u1ee9c \u0111i\u1ec7n t\u1eed t\u01b0\u01a1ng t\u1ef1 v\u00e0 c\u00f3 th\u1ec3 l\u01b0u tr\u1eef b\u1ea3n sao c\u1ee7a c\u00e1c li\u00ean h\u1ec7 n\u00e0y \u0111\u1ec3 l\u00e0m h\u1ed3 s\u01a1. B\u1ea1n \u0111\u1ed3ng \u00fd r\u1eb1ng m\u1ecdi th\u1ecfa thu\u1eadn, th\u00f4ng b\u00e1o, ti\u1ebft l\u1ed9 v\u00e0 c\u00e1c h\u00ecnh th\u1ee9c li\u00ean l\u1ea1c kh\u00e1c m\u00e0 ch\u00fang t\u00f4i cung c\u1ea5p cho b\u1ea1n b\u1eb1ng \u0111i\u1ec7n t\u1eed \u0111\u00e1p \u1ee9ng m\u1ecdi y\u00eau c\u1ea7u ph\u00e1p l\u00fd v\u1ec1 vi\u1ec7c c\u00e1c li\u00ean l\u1ea1c n\u00e0y ph\u1ea3i \u0111\u01b0\u1ee3c ghi b\u1eb1ng v\u0103n b\u1ea3n.<\/p>\t\t\t\t\t\t\t\t<\/div>\n\t\t\t\t<\/div>\n\t\t\t\t<div class=\"elementor-element elementor-element-3d03819 elementor-widget-divider--view-line elementor-widget elementor-widget-divider\" data-id=\"3d03819\" data-element_type=\"widget\" data-e-type=\"widget\" data-widget_type=\"divider.default\">\n\t\t\t\t<div class=\"elementor-widget-container\">\n\t\t\t\t\t\t\t<div class=\"elementor-divider\">\n\t\t\t<span class=\"elementor-divider-separator\">\n\t\t\t\t\t\t<\/span>\n\t\t<\/div>\n\t\t\t\t\t\t<\/div>\n\t\t\t\t<\/div>\n\t\t\t\t<div class=\"elementor-element elementor-element-e3dc2b0 elementor-widget elementor-widget-heading\" data-id=\"e3dc2b0\" data-element_type=\"widget\" data-e-type=\"widget\" data-widget_type=\"heading.default\">\n\t\t\t\t<div class=\"elementor-widget-container\">\n\t\t\t\t\t<h3 class=\"elementor-heading-title elementor-size-default\">B\u00ecnh lu\u1eadn<\/h3>\t\t\t\t<\/div>\n\t\t\t\t<\/div>\n\t\t\t\t<div class=\"elementor-element elementor-element-482667e elementor-widget elementor-widget-text-editor\" data-id=\"482667e\" data-element_type=\"widget\" data-e-type=\"widget\" data-widget_type=\"text-editor.default\">\n\t\t\t\t<div class=\"elementor-widget-container\">\n\t\t\t\t\t\t\t\t\t<p>Khi kh\u00e1ch truy c\u1eadp \u0111\u1ec3 l\u1ea1i b\u00ecnh lu\u1eadn tr\u00ean trang, ch\u00fang t\u00f4i thu th\u1eadp d\u1eef li\u1ec7u \u0111\u01b0\u1ee3c hi\u1ec3n th\u1ecb trong m\u1eabu b\u00ecnh lu\u1eadn, v\u00e0 c\u1ea3 \u0111\u1ecba ch\u1ec9 IP c\u1ee7a kh\u00e1ch truy c\u1eadp c\u0169ng nh\u01b0 chu\u1ed7i User-Agent c\u1ee7a tr\u00ecnh duy\u1ec7t \u0111\u1ec3 h\u1ed7 tr\u1ee3 nh\u1eadn di\u1ec7n spam.<\/p>\n<p>M\u1ed9t chu\u1ed7i \u1ea9n danh \u0111\u01b0\u1ee3c t\u1ea1o t\u1eeb \u0111\u1ecba ch\u1ec9 email c\u1ee7a b\u1ea1n (c\u00f2n \u0111\u01b0\u1ee3c g\u1ecdi l\u00e0 hash) c\u00f3 th\u1ec3 \u0111\u01b0\u1ee3c cung c\u1ea5p cho d\u1ecbch v\u1ee5 Gravatar \u0111\u1ec3 xem b\u1ea1n c\u00f3 \u0111ang s\u1eed d\u1ee5ng n\u00f3 hay kh\u00f4ng. Ch\u00ednh s\u00e1ch quy\u1ec1n ri\u00eang t\u01b0 c\u1ee7a Gravatar c\u00f3 t\u1ea1i \u0111\u00e2y: https:\/\/automattic.com\/privacy\/. Sau khi b\u00ecnh lu\u1eadn c\u1ee7a b\u1ea1n \u0111\u01b0\u1ee3c ph\u00ea duy\u1ec7t, \u1ea3nh h\u1ed3 s\u01a1 c\u1ee7a b\u1ea1n s\u1ebd hi\u1ec3n th\u1ecb c\u00f4ng khai trong b\u1ed1i c\u1ea3nh b\u00ecnh lu\u1eadn c\u1ee7a b\u1ea1n.<\/p>\t\t\t\t\t\t\t\t<\/div>\n\t\t\t\t<\/div>\n\t\t\t\t<div class=\"elementor-element elementor-element-2856d93 elementor-widget-divider--view-line elementor-widget elementor-widget-divider\" data-id=\"2856d93\" data-element_type=\"widget\" data-e-type=\"widget\" data-widget_type=\"divider.default\">\n\t\t\t\t<div class=\"elementor-widget-container\">\n\t\t\t\t\t\t\t<div class=\"elementor-divider\">\n\t\t\t<span class=\"elementor-divider-separator\">\n\t\t\t\t\t\t<\/span>\n\t\t<\/div>\n\t\t\t\t\t\t<\/div>\n\t\t\t\t<\/div>\n\t\t\t\t<div class=\"elementor-element elementor-element-d8aa0e3 elementor-widget elementor-widget-heading\" data-id=\"d8aa0e3\" data-element_type=\"widget\" data-e-type=\"widget\" data-widget_type=\"heading.default\">\n\t\t\t\t<div class=\"elementor-widget-container\">\n\t\t\t\t\t<h3 class=\"elementor-heading-title elementor-size-default\">MEDIA<\/h3>\t\t\t\t<\/div>\n\t\t\t\t<\/div>\n\t\t\t\t<div class=\"elementor-element elementor-element-25c15f6 elementor-widget elementor-widget-text-editor\" data-id=\"25c15f6\" data-element_type=\"widget\" data-e-type=\"widget\" data-widget_type=\"text-editor.default\">\n\t\t\t\t<div class=\"elementor-widget-container\">\n\t\t\t\t\t\t\t\t\t<p>N\u1ebfu b\u1ea1n t\u1ea3i \u1ea3nh l\u00ean trang web, b\u1ea1n n\u00ean tr\u00e1nh t\u1ea3i l\u00ean nh\u1eefng \u1ea3nh c\u00f3 d\u1eef li\u1ec7u v\u1ecb tr\u00ed nh\u00fang (EXIF GPS) \u0111\u01b0\u1ee3c \u0111\u00ednh k\u00e8m. Kh\u00e1ch truy c\u1eadp trang web c\u00f3 th\u1ec3 t\u1ea3i xu\u1ed1ng v\u00e0 tr\u00edch xu\u1ea5t d\u1eef li\u1ec7u v\u1ecb tr\u00ed t\u1eeb c\u00e1c h\u00ecnh \u1ea3nh tr\u00ean trang.<\/p>\t\t\t\t\t\t\t\t<\/div>\n\t\t\t\t<\/div>\n\t\t\t\t<div class=\"elementor-element elementor-element-55862cd elementor-widget-divider--view-line elementor-widget elementor-widget-divider\" data-id=\"55862cd\" data-element_type=\"widget\" data-e-type=\"widget\" data-widget_type=\"divider.default\">\n\t\t\t\t<div class=\"elementor-widget-container\">\n\t\t\t\t\t\t\t<div class=\"elementor-divider\">\n\t\t\t<span class=\"elementor-divider-separator\">\n\t\t\t\t\t\t<\/span>\n\t\t<\/div>\n\t\t\t\t\t\t<\/div>\n\t\t\t\t<\/div>\n\t\t\t\t<div class=\"elementor-element elementor-element-5f235b5 elementor-widget elementor-widget-heading\" data-id=\"5f235b5\" data-element_type=\"widget\" data-e-type=\"widget\" data-widget_type=\"heading.default\">\n\t\t\t\t<div class=\"elementor-widget-container\">\n\t\t\t\t\t<h3 class=\"elementor-heading-title elementor-size-default\">COOKIES<\/h3>\t\t\t\t<\/div>\n\t\t\t\t<\/div>\n\t\t\t\t<div class=\"elementor-element elementor-element-e393b1e elementor-widget elementor-widget-text-editor\" data-id=\"e393b1e\" data-element_type=\"widget\" data-e-type=\"widget\" data-widget_type=\"text-editor.default\">\n\t\t\t\t<div class=\"elementor-widget-container\">\n\t\t\t\t\t\t\t\t\t<p>N\u1ebfu b\u1ea1n \u0111\u1ec3 l\u1ea1i b\u00ecnh lu\u1eadn tr\u00ean trang c\u1ee7a ch\u00fang t\u00f4i, b\u1ea1n c\u00f3 th\u1ec3 ch\u1ecdn l\u01b0u t\u00ean, \u0111\u1ecba ch\u1ec9 email v\u00e0 trang web c\u1ee7a b\u1ea1n trong cookies. Nh\u1eefng cookies n\u00e0y nh\u1eb1m mang l\u1ea1i ti\u1ec7n l\u1ee3i cho b\u1ea1n \u0111\u1ec3 b\u1ea1n kh\u00f4ng ph\u1ea3i \u0111i\u1ec1n l\u1ea1i th\u00f4ng tin khi \u0111\u1ec3 l\u1ea1i b\u00ecnh lu\u1eadn kh\u00e1c. Nh\u1eefng cookies n\u00e0y s\u1ebd t\u1ed3n t\u1ea1i trong v\u00f2ng m\u1ed9t n\u0103m.<\/p>\n<p>N\u1ebfu b\u1ea1n truy c\u1eadp trang \u0111\u0103ng nh\u1eadp c\u1ee7a ch\u00fang t\u00f4i, ch\u00fang t\u00f4i s\u1ebd \u0111\u1eb7t m\u1ed9t cookie t\u1ea1m th\u1eddi \u0111\u1ec3 x\u00e1c \u0111\u1ecbnh tr\u00ecnh duy\u1ec7t c\u1ee7a b\u1ea1n c\u00f3 ch\u1ea5p nh\u1eadn cookies hay kh\u00f4ng. Cookie n\u00e0y kh\u00f4ng ch\u1ee9a d\u1eef li\u1ec7u c\u00e1 nh\u00e2n v\u00e0 s\u1ebd b\u1ecb lo\u1ea1i b\u1ecf khi b\u1ea1n \u0111\u00f3ng tr\u00ecnh duy\u1ec7t.<\/p>\n<p>Khi b\u1ea1n \u0111\u0103ng nh\u1eadp, ch\u00fang t\u00f4i c\u0169ng s\u1ebd thi\u1ebft l\u1eadp m\u1ed9t s\u1ed1 cookies \u0111\u1ec3 l\u01b0u th\u00f4ng tin \u0111\u0103ng nh\u1eadp v\u00e0 l\u1ef1a ch\u1ecdn hi\u1ec3n th\u1ecb c\u1ee7a b\u1ea1n. Cookies \u0111\u0103ng nh\u1eadp t\u1ed3n t\u1ea1i hai ng\u00e0y, cookies t\u00f9y ch\u1ecdn hi\u1ec3n th\u1ecb t\u1ed3n t\u1ea1i m\u1ed9t n\u0103m. N\u1ebfu b\u1ea1n ch\u1ecdn \u201cRemember Me\u201d, th\u00f4ng tin \u0111\u0103ng nh\u1eadp s\u1ebd \u0111\u01b0\u1ee3c duy tr\u00ec trong hai tu\u1ea7n. N\u1ebfu b\u1ea1n \u0111\u0103ng xu\u1ea5t kh\u1ecfi t\u00e0i kho\u1ea3n, cookies \u0111\u0103ng nh\u1eadp s\u1ebd b\u1ecb x\u00f3a.<\/p>\n<p>N\u1ebfu b\u1ea1n ch\u1ec9nh s\u1eeda ho\u1eb7c xu\u1ea5t b\u1ea3n m\u1ed9t b\u00e0i vi\u1ebft, m\u1ed9t cookie b\u1ed5 sung s\u1ebd \u0111\u01b0\u1ee3c l\u01b0u trong tr\u00ecnh duy\u1ec7t c\u1ee7a b\u1ea1n. Cookie n\u00e0y kh\u00f4ng ch\u1ee9a d\u1eef li\u1ec7u c\u00e1 nh\u00e2n v\u00e0 ch\u1ec9 cho bi\u1ebft ID b\u00e0i \u0111\u0103ng c\u1ee7a b\u00e0i vi\u1ebft b\u1ea1n v\u1eeba ch\u1ec9nh s\u1eeda. N\u00f3 h\u1ebft h\u1ea1n sau 1 ng\u00e0y.<\/p>\t\t\t\t\t\t\t\t<\/div>\n\t\t\t\t<\/div>\n\t\t\t\t<div class=\"elementor-element elementor-element-2c3c825 elementor-widget-divider--view-line elementor-widget elementor-widget-divider\" data-id=\"2c3c825\" data-element_type=\"widget\" data-e-type=\"widget\" data-widget_type=\"divider.default\">\n\t\t\t\t<div class=\"elementor-widget-container\">\n\t\t\t\t\t\t\t<div class=\"elementor-divider\">\n\t\t\t<span class=\"elementor-divider-separator\">\n\t\t\t\t\t\t<\/span>\n\t\t<\/div>\n\t\t\t\t\t\t<\/div>\n\t\t\t\t<\/div>\n\t\t\t\t<div class=\"elementor-element elementor-element-1e40e2b elementor-widget elementor-widget-heading\" data-id=\"1e40e2b\" data-element_type=\"widget\" data-e-type=\"widget\" data-widget_type=\"heading.default\">\n\t\t\t\t<div class=\"elementor-widget-container\">\n\t\t\t\t\t<h3 class=\"elementor-heading-title elementor-size-default\">N\u1ed9i dung nh\u00fang t\u1eeb website kh\u00e1c<\/h3>\t\t\t\t<\/div>\n\t\t\t\t<\/div>\n\t\t\t\t<div class=\"elementor-element elementor-element-a6b6081 elementor-widget elementor-widget-text-editor\" data-id=\"a6b6081\" data-element_type=\"widget\" data-e-type=\"widget\" data-widget_type=\"text-editor.default\">\n\t\t\t\t<div class=\"elementor-widget-container\">\n\t\t\t\t\t\t\t\t\t<p>C\u00e1c b\u00e0i vi\u1ebft tr\u00ean trang n\u00e0y c\u00f3 th\u1ec3 ch\u1ee9a n\u1ed9i dung nh\u00fang (v\u00ed d\u1ee5: video, h\u00ecnh \u1ea3nh, b\u00e0i vi\u1ebft, v.v.). N\u1ed9i dung nh\u00fang t\u1eeb c\u00e1c website kh\u00e1c ho\u1ea1t \u0111\u1ed9ng gi\u1ed1ng h\u1ec7t nh\u01b0 th\u1ec3 ng\u01b0\u1eddi d\u00f9ng \u0111\u00e3 tr\u1ef1c ti\u1ebfp \u0111\u1ebfn th\u0103m website kia.<\/p>\n<p>C\u00e1c trang web n\u00e0y c\u00f3 th\u1ec3 thu th\u1eadp d\u1eef li\u1ec7u v\u1ec1 b\u1ea1n, s\u1eed d\u1ee5ng cookies, nh\u00fang theo d\u00f5i t\u1eeb b\u00ean th\u1ee9 ba b\u1ed5 sung, v\u00e0 theo d\u00f5i t\u01b0\u01a1ng t\u00e1c c\u1ee7a b\u1ea1n v\u1edbi n\u1ed9i dung nh\u00fang \u0111\u00f3, bao g\u1ed3m c\u1ea3 vi\u1ec7c theo d\u00f5i t\u01b0\u01a1ng t\u00e1c c\u1ee7a b\u1ea1n v\u1edbi n\u1ed9i dung nh\u00fang n\u1ebfu b\u1ea1n c\u00f3 t\u00e0i kho\u1ea3n v\u00e0 \u0111ang \u0111\u0103ng nh\u1eadp v\u00e0o trang web \u0111\u00f3.<\/p>\t\t\t\t\t\t\t\t<\/div>\n\t\t\t\t<\/div>\n\t\t\t\t<div class=\"elementor-element elementor-element-9ac5c1a elementor-widget-divider--view-line elementor-widget elementor-widget-divider\" data-id=\"9ac5c1a\" data-element_type=\"widget\" data-e-type=\"widget\" data-widget_type=\"divider.default\">\n\t\t\t\t<div class=\"elementor-widget-container\">\n\t\t\t\t\t\t\t<div class=\"elementor-divider\">\n\t\t\t<span class=\"elementor-divider-separator\">\n\t\t\t\t\t\t<\/span>\n\t\t<\/div>\n\t\t\t\t\t\t<\/div>\n\t\t\t\t<\/div>\n\t\t\t\t<div class=\"elementor-element elementor-element-3f634da elementor-widget elementor-widget-heading\" data-id=\"3f634da\" data-element_type=\"widget\" data-e-type=\"widget\" data-widget_type=\"heading.default\">\n\t\t\t\t<div class=\"elementor-widget-container\">\n\t\t\t\t\t<h3 class=\"elementor-heading-title elementor-size-default\">CH\u00daNG T\u00d4I CHIA S\u1eba D\u1eee LI\u1ec6U C\u1ee6A B\u1ea0N V\u1edaI AI<\/h3>\t\t\t\t<\/div>\n\t\t\t\t<\/div>\n\t\t\t\t<div class=\"elementor-element elementor-element-cdec7b5 elementor-widget elementor-widget-text-editor\" data-id=\"cdec7b5\" data-element_type=\"widget\" data-e-type=\"widget\" data-widget_type=\"text-editor.default\">\n\t\t\t\t<div class=\"elementor-widget-container\">\n\t\t\t\t\t\t\t\t\t<p>N\u1ebfu b\u1ea1n y\u00eau c\u1ea7u \u0111\u1eb7t l\u1ea1i m\u1eadt kh\u1ea9u, \u0111\u1ecba ch\u1ec9 IP c\u1ee7a b\u1ea1n s\u1ebd \u0111\u01b0\u1ee3c \u0111\u01b0a v\u00e0o email \u0111\u1eb7t l\u1ea1i.<\/p>\t\t\t\t\t\t\t\t<\/div>\n\t\t\t\t<\/div>\n\t\t\t\t<div class=\"elementor-element elementor-element-66e7b9a elementor-widget-divider--view-line elementor-widget elementor-widget-divider\" data-id=\"66e7b9a\" data-element_type=\"widget\" data-e-type=\"widget\" data-widget_type=\"divider.default\">\n\t\t\t\t<div class=\"elementor-widget-container\">\n\t\t\t\t\t\t\t<div class=\"elementor-divider\">\n\t\t\t<span class=\"elementor-divider-separator\">\n\t\t\t\t\t\t<\/span>\n\t\t<\/div>\n\t\t\t\t\t\t<\/div>\n\t\t\t\t<\/div>\n\t\t\t\t<div class=\"elementor-element elementor-element-b0a1e6d elementor-widget elementor-widget-heading\" data-id=\"b0a1e6d\" data-element_type=\"widget\" data-e-type=\"widget\" data-widget_type=\"heading.default\">\n\t\t\t\t<div class=\"elementor-widget-container\">\n\t\t\t\t\t<h3 class=\"elementor-heading-title elementor-size-default\">TH\u1edcI GIAN CH\u00daNG T\u00d4I L\u01afU GI\u1eee D\u1eee LI\u1ec6U C\u1ee6A B\u1ea0N<\/h3>\t\t\t\t<\/div>\n\t\t\t\t<\/div>\n\t\t\t\t<div class=\"elementor-element elementor-element-c1ce51a elementor-widget elementor-widget-text-editor\" data-id=\"c1ce51a\" data-element_type=\"widget\" data-e-type=\"widget\" data-widget_type=\"text-editor.default\">\n\t\t\t\t<div class=\"elementor-widget-container\">\n\t\t\t\t\t\t\t\t\t<p>N\u1ebfu b\u1ea1n \u0111\u1ec3 l\u1ea1i b\u00ecnh lu\u1eadn, b\u00ecnh lu\u1eadn v\u00e0 d\u1eef li\u1ec7u si\u00eau li\u00ean quan \u0111\u01b0\u1ee3c l\u01b0u gi\u1eef v\u00f4 th\u1eddi h\u1ea1n. \u0110i\u1ec1u n\u00e0y \u0111\u1ec3 ch\u00fang t\u00f4i c\u00f3 th\u1ec3 nh\u1eadn di\u1ec7n v\u00e0 ph\u00ea duy\u1ec7t b\u1ea5t k\u1ef3 b\u00ecnh lu\u1eadn ti\u1ebfp theo m\u1ed9t c\u00e1ch t\u1ef1 \u0111\u1ed9ng thay v\u00ec gi\u1eef ch\u00fang trong h\u00e0ng ch\u1edd ki\u1ec3m duy\u1ec7t.<\/p>\n<p>\u0110\u1ed1i v\u1edbi ng\u01b0\u1eddi d\u00f9ng \u0111\u0103ng k\u00fd tr\u00ean trang web c\u1ee7a ch\u00fang t\u00f4i (n\u1ebfu c\u00f3), ch\u00fang t\u00f4i c\u0169ng l\u01b0u tr\u1eef th\u00f4ng tin c\u00e1 nh\u00e2n m\u00e0 h\u1ecd cung c\u1ea5p trong h\u1ed3 s\u01a1 ng\u01b0\u1eddi d\u00f9ng. T\u1ea5t c\u1ea3 ng\u01b0\u1eddi d\u00f9ng c\u00f3 th\u1ec3 xem, ch\u1ec9nh s\u1eeda ho\u1eb7c x\u00f3a th\u00f4ng tin c\u00e1 nh\u00e2n c\u1ee7a h\u1ecd b\u1ea5t c\u1ee9 l\u00fac n\u00e0o (tr\u1eeb tr\u01b0\u1eddng h\u1ee3p h\u1ecd kh\u00f4ng th\u1ec3 thay \u0111\u1ed5i t\u00ean ng\u01b0\u1eddi d\u00f9ng). C\u00e1c qu\u1ea3n tr\u1ecb vi\u00ean website c\u0169ng c\u00f3 th\u1ec3 xem v\u00e0 ch\u1ec9nh s\u1eeda th\u00f4ng tin \u0111\u00f3.<\/p>\t\t\t\t\t\t\t\t<\/div>\n\t\t\t\t<\/div>\n\t\t\t\t<div class=\"elementor-element elementor-element-385f5c8 elementor-widget-divider--view-line elementor-widget elementor-widget-divider\" data-id=\"385f5c8\" data-element_type=\"widget\" data-e-type=\"widget\" data-widget_type=\"divider.default\">\n\t\t\t\t<div class=\"elementor-widget-container\">\n\t\t\t\t\t\t\t<div class=\"elementor-divider\">\n\t\t\t<span class=\"elementor-divider-separator\">\n\t\t\t\t\t\t<\/span>\n\t\t<\/div>\n\t\t\t\t\t\t<\/div>\n\t\t\t\t<\/div>\n\t\t\t\t<div class=\"elementor-element elementor-element-c108cd7 elementor-widget elementor-widget-heading\" data-id=\"c108cd7\" data-element_type=\"widget\" data-e-type=\"widget\" data-widget_type=\"heading.default\">\n\t\t\t\t<div class=\"elementor-widget-container\">\n\t\t\t\t\t<h3 class=\"elementor-heading-title elementor-size-default\">NH\u1eeeNG QUY\u1ec0N C\u1ee6A B\u1ea0N \u0110\u1ed0I V\u1edaI D\u1eee LI\u1ec6U C\u1ee6A M\u00ccNH<\/h3>\t\t\t\t<\/div>\n\t\t\t\t<\/div>\n\t\t\t\t<div class=\"elementor-element elementor-element-1a41273 elementor-widget elementor-widget-text-editor\" data-id=\"1a41273\" data-element_type=\"widget\" data-e-type=\"widget\" data-widget_type=\"text-editor.default\">\n\t\t\t\t<div class=\"elementor-widget-container\">\n\t\t\t\t\t\t\t\t\t<p>N\u1ebfu b\u1ea1n c\u00f3 t\u00e0i kho\u1ea3n tr\u00ean trang web n\u00e0y, ho\u1eb7c \u0111\u00e3 \u0111\u1ec3 l\u1ea1i b\u00ecnh lu\u1eadn, b\u1ea1n c\u00f3 th\u1ec3 y\u00eau c\u1ea7u nh\u1eadn m\u1ed9t t\u1ec7p d\u1eef li\u1ec7u c\u00e1 nh\u00e2n \u0111\u00e3 \u0111\u01b0\u1ee3c xu\u1ea5t ra m\u00e0 ch\u00fang t\u00f4i \u0111ang n\u1eafm v\u1ec1 b\u1ea1n, g\u1ed3m c\u1ea3 nh\u1eefng d\u1eef li\u1ec7u b\u1ea1n \u0111\u00e3 cung c\u1ea5p cho ch\u00fang t\u00f4i. B\u1ea1n c\u0169ng c\u00f3 th\u1ec3 y\u00eau c\u1ea7u ch\u00fang t\u00f4i x\u00f3a b\u1ea5t k\u1ef3 d\u1eef li\u1ec7u c\u00e1 nh\u00e2n n\u00e0o ch\u00fang t\u00f4i \u0111ang n\u1eafm v\u1ec1 b\u1ea1n. \u0110i\u1ec1u n\u00e0y kh\u00f4ng bao g\u1ed3m b\u1ea5t k\u1ef3 d\u1eef li\u1ec7u n\u00e0o ch\u00fang t\u00f4i \u0111\u01b0\u1ee3c b\u1eaft bu\u1ed9c l\u01b0u tr\u1eef v\u00ec m\u1ee5c \u0111\u00edch h\u00e0nh ch\u00ednh, ph\u00e1p l\u00fd ho\u1eb7c an ninh.<\/p>\t\t\t\t\t\t\t\t<\/div>\n\t\t\t\t<\/div>\n\t\t\t\t<div class=\"elementor-element elementor-element-9b15a16 elementor-widget-divider--view-line elementor-widget elementor-widget-divider\" data-id=\"9b15a16\" data-element_type=\"widget\" data-e-type=\"widget\" data-widget_type=\"divider.default\">\n\t\t\t\t<div class=\"elementor-widget-container\">\n\t\t\t\t\t\t\t<div class=\"elementor-divider\">\n\t\t\t<span class=\"elementor-divider-separator\">\n\t\t\t\t\t\t<\/span>\n\t\t<\/div>\n\t\t\t\t\t\t<\/div>\n\t\t\t\t<\/div>\n\t\t\t\t<div class=\"elementor-element elementor-element-afaf4eb elementor-widget elementor-widget-heading\" data-id=\"afaf4eb\" data-element_type=\"widget\" data-e-type=\"widget\" data-widget_type=\"heading.default\">\n\t\t\t\t<div class=\"elementor-widget-container\">\n\t\t\t\t\t<h3 class=\"elementor-heading-title elementor-size-default\">D\u1eef li\u1ec7u c\u1ee7a b\u1ea1n \u0111\u01b0\u1ee3c g\u1eedi \u0111i \u1edf \u0111\u00e2u<\/h3>\t\t\t\t<\/div>\n\t\t\t\t<\/div>\n\t\t\t\t<div class=\"elementor-element elementor-element-2bccde8 elementor-widget elementor-widget-text-editor\" data-id=\"2bccde8\" data-element_type=\"widget\" data-e-type=\"widget\" data-widget_type=\"text-editor.default\">\n\t\t\t\t<div class=\"elementor-widget-container\">\n\t\t\t\t\t\t\t\t\t<p>B\u00ecnh lu\u1eadn c\u1ee7a kh\u00e1ch truy c\u1eadp c\u00f3 th\u1ec3 \u0111\u01b0\u1ee3c ki\u1ec3m tra th\u00f4ng qua m\u1ed9t d\u1ecbch v\u1ee5 ph\u00e1t hi\u1ec7n spam t\u1ef1 \u0111\u1ed9ng.<\/p>\t\t\t\t\t\t\t\t<\/div>\n\t\t\t\t<\/div>\n\t\t\t\t\t<\/div>\n\t\t\t\t<\/div>\n\t\t\t\t<\/div>","protected":false},"excerpt":{"rendered":"<p>\u0110i\u1ec1u kho\u1ea3n s\u1eed d\u1ee5ng cho Innove Couture<\/p>","protected":false},"author":1,"featured_media":0,"parent":0,"menu_order":0,"comment_status":"closed","ping_status":"closed","template":"","meta":{"footnotes":""},"class_list":["post-3","page","type-page","status-publish","hentry"],"_links":{"self":[{"href":"https:\/\/nothinalter.com\/vi\/wp-json\/wp\/v2\/pages\/3","targetHints":{"allow":["GET"]}}],"collection":[{"href":"https:\/\/nothinalter.com\/vi\/wp-json\/wp\/v2\/pages"}],"about":[{"href":"https:\/\/nothinalter.com\/vi\/wp-json\/wp\/v2\/types\/page"}],"author":[{"embeddable":true,"href":"https:\/\/nothinalter.com\/vi\/wp-json\/wp\/v2\/users\/1"}],"replies":[{"embeddable":true,"href":"https:\/\/nothinalter.com\/vi\/wp-json\/wp\/v2\/comments?post=3"}],"version-history":[{"count":0,"href":"https:\/\/nothinalter.com\/vi\/wp-json\/wp\/v2\/pages\/3\/revisions"}],"wp:attachment":[{"href":"https:\/\/nothinalter.com\/vi\/wp-json\/wp\/v2\/media?parent=3"}],"curies":[{"name":"wp","href":"https:\/\/api.w.org\/{rel}","templated":true}]}}