{"id":988944,"date":"2025-08-17T14:47:02","date_gmt":"2025-08-17T07:47:02","guid":{"rendered":"https:\/\/nothinalter.com\/?post_type=product&#038;p=988944"},"modified":"2026-04-10T21:12:37","modified_gmt":"2026-04-10T14:12:37","slug":"basic-cotton-t-shirt","status":"publish","type":"product","link":"https:\/\/nothinalter.com\/vi\/san-pham\/basic-cotton-t-shirt\/","title":{"rendered":"Basic Cotton T-shirt"},"content":{"rendered":"<div class=\"vgblk-rw-wrapper limit-wrapper\">\n<ul>\n<li>\u0110\u01b0\u1ee3c l\u00e0m t\u1eeb 100% cotton nguy\u00ean ch\u1ea5t v\u1edbi m\u1eadt \u0111\u1ed9 d\u1ec7t 40s, c\u00f3 \u0111\u1ed9 co gi\u00e3n nh\u1eb9 v\u00e0 m\u00e9p vi\u1ec1n b\u1eb1ng ch\u00ednh ch\u1ea5t li\u1ec7u \u0111\u1ec3 gi\u1ea3m t\u00ecnh tr\u1ea1ng co gi\u00e3n trong qu\u00e1 tr\u00ecnh s\u1eed d\u1ee5ng. Phom d\u00e1ng boxy mang l\u1ea1i v\u1ebb ngo\u00e0i n\u0103ng \u0111\u1ed9ng khi m\u1eb7c th\u1ea3, v\u1ebb ngo\u00e0i ch\u1ec9n chu khi s\u01a1 vin, v\u00e0 c\u00f3 th\u1ec3 d\u1ec5 d\u00e0ng layering d\u01b0\u1edbi \u00e1o kho\u00e1c.<\/li>\n<\/ul>\n<\/div>\n<p><!-- .vgblk-rw-wrapper --><\/p>","protected":false},"excerpt":{"rendered":"<ul>\n<li><strong>Th\u00e0nh ph\u1ea7n:<\/strong> 100% Cotton 40s (200g\/m2)<\/li>\n<\/ul>\n<p><a href=\"https:\/\/nothinalter.com\/wp-content\/uploads\/2025\/08\/basic-cotton-t-shirt.jpg\"><img fetchpriority=\"high\" decoding=\"async\" class=\"aligncenter wp-image-988981 size-large\" src=\"https:\/\/nothinalter.com\/wp-content\/uploads\/2025\/08\/basic-cotton-t-shirt-1024x1024.jpg\" alt=\"\" width=\"1024\" height=\"1024\" srcset=\"https:\/\/nothinalter.com\/wp-content\/uploads\/2025\/08\/basic-cotton-t-shirt-1024x1024.jpg 1024w, https:\/\/nothinalter.com\/wp-content\/uploads\/2025\/08\/basic-cotton-t-shirt-300x300.jpg 300w, https:\/\/nothinalter.com\/wp-content\/uploads\/2025\/08\/basic-cotton-t-shirt-150x150.jpg 150w, https:\/\/nothinalter.com\/wp-content\/uploads\/2025\/08\/basic-cotton-t-shirt-768x768.jpg 768w, https:\/\/nothinalter.com\/wp-content\/uploads\/2025\/08\/basic-cotton-t-shirt-1536x1536.jpg 1536w, https:\/\/nothinalter.com\/wp-content\/uploads\/2025\/08\/basic-cotton-t-shirt-2048x2048.jpg 2048w, https:\/\/nothinalter.com\/wp-content\/uploads\/2025\/08\/basic-cotton-t-shirt-12x12.jpg 12w, https:\/\/nothinalter.com\/wp-content\/uploads\/2025\/08\/basic-cotton-t-shirt-1300x1300.jpg 1300w, https:\/\/nothinalter.com\/wp-content\/uploads\/2025\/08\/basic-cotton-t-shirt-650x650.jpg 650w, https:\/\/nothinalter.com\/wp-content\/uploads\/2025\/08\/basic-cotton-t-shirt-64x64.jpg 64w\" sizes=\"(max-width: 1024px) 100vw, 1024px\" \/><\/a><\/p>","protected":false},"featured_media":988947,"comment_status":"open","ping_status":"closed","template":"","meta":[],"product_brand":[],"product_cat":[58,15],"product_tag":[],"class_list":{"0":"post-988944","1":"product","2":"type-product","3":"status-publish","4":"has-post-thumbnail","6":"product_cat-shop","7":"product_cat-uncategorized","9":"first","10":"instock","11":"shipping-taxable","12":"purchasable","13":"product-type-variable"},"_links":{"self":[{"href":"https:\/\/nothinalter.com\/vi\/wp-json\/wp\/v2\/product\/988944","targetHints":{"allow":["GET"]}}],"collection":[{"href":"https:\/\/nothinalter.com\/vi\/wp-json\/wp\/v2\/product"}],"about":[{"href":"https:\/\/nothinalter.com\/vi\/wp-json\/wp\/v2\/types\/product"}],"replies":[{"embeddable":true,"href":"https:\/\/nothinalter.com\/vi\/wp-json\/wp\/v2\/comments?post=988944"}],"wp:featuredmedia":[{"embeddable":true,"href":"https:\/\/nothinalter.com\/vi\/wp-json\/wp\/v2\/media\/988947"}],"wp:attachment":[{"href":"https:\/\/nothinalter.com\/vi\/wp-json\/wp\/v2\/media?parent=988944"}],"wp:term":[{"taxonomy":"product_brand","embeddable":true,"href":"https:\/\/nothinalter.com\/vi\/wp-json\/wp\/v2\/product_brand?post=988944"},{"taxonomy":"product_cat","embeddable":true,"href":"https:\/\/nothinalter.com\/vi\/wp-json\/wp\/v2\/product_cat?post=988944"},{"taxonomy":"product_tag","embeddable":true,"href":"https:\/\/nothinalter.com\/vi\/wp-json\/wp\/v2\/product_tag?post=988944"}],"curies":[{"name":"wp","href":"https:\/\/api.w.org\/{rel}","templated":true}]}}