{"id":989066,"date":"2025-08-20T21:45:14","date_gmt":"2025-08-20T14:45:14","guid":{"rendered":"https:\/\/nothinalter.com\/?post_type=product&#038;p=989066"},"modified":"2026-04-18T18:37:23","modified_gmt":"2026-04-18T11:37:23","slug":"light-blue-striped-pyjama-shirt","status":"publish","type":"product","link":"https:\/\/nothinalter.com\/vi\/san-pham\/light-blue-striped-pyjama-shirt\/","title":{"rendered":"Light Blue Striped Pyjama Shirt"},"content":{"rendered":"<div class=\"vgblk-rw-wrapper limit-wrapper\">\n<ul>\n<li>B\u1ed9 pyjama s\u1ecdc g\u1ed3m \u00e1o s\u01a1 mi v\u00e0 qu\u1ea7n d\u00e0i b\u1eb1ng v\u1ea3i Cotton Poplin m\u1ec1m. \u00c1o s\u01a1 mi c\u00f3 c\u1ed5, ph\u00eda tr\u01b0\u1edbc c\u00e0i n\u00fat, vai \u00e1o r\u0169 nh\u1eb9, v\u00e0 tay \u00e1o d\u00e0i v\u1edbi \u1ed1ng cuff r\u1ed9ng.<\/li>\n<\/ul>\n<\/div>\n<p><!-- .vgblk-rw-wrapper --><\/p>","protected":false},"excerpt":{"rendered":"<ul>\n<li><strong>Th\u00e0nh ph\u1ea7n:<\/strong> 100% Cotton Poplin<\/li>\n<\/ul>\n<p>&nbsp;<\/p>","protected":false},"featured_media":989073,"comment_status":"open","ping_status":"closed","template":"","meta":[],"product_brand":[],"product_cat":[212,58,15],"product_tag":[],"class_list":{"0":"post-989066","1":"product","2":"type-product","3":"status-publish","4":"has-post-thumbnail","6":"product_cat-sale","7":"product_cat-shop","8":"product_cat-uncategorized","10":"first","11":"onbackorder","12":"sale","13":"shipping-taxable","14":"purchasable","15":"product-type-variable"},"_links":{"self":[{"href":"https:\/\/nothinalter.com\/vi\/wp-json\/wp\/v2\/product\/989066","targetHints":{"allow":["GET"]}}],"collection":[{"href":"https:\/\/nothinalter.com\/vi\/wp-json\/wp\/v2\/product"}],"about":[{"href":"https:\/\/nothinalter.com\/vi\/wp-json\/wp\/v2\/types\/product"}],"replies":[{"embeddable":true,"href":"https:\/\/nothinalter.com\/vi\/wp-json\/wp\/v2\/comments?post=989066"}],"wp:featuredmedia":[{"embeddable":true,"href":"https:\/\/nothinalter.com\/vi\/wp-json\/wp\/v2\/media\/989073"}],"wp:attachment":[{"href":"https:\/\/nothinalter.com\/vi\/wp-json\/wp\/v2\/media?parent=989066"}],"wp:term":[{"taxonomy":"product_brand","embeddable":true,"href":"https:\/\/nothinalter.com\/vi\/wp-json\/wp\/v2\/product_brand?post=989066"},{"taxonomy":"product_cat","embeddable":true,"href":"https:\/\/nothinalter.com\/vi\/wp-json\/wp\/v2\/product_cat?post=989066"},{"taxonomy":"product_tag","embeddable":true,"href":"https:\/\/nothinalter.com\/vi\/wp-json\/wp\/v2\/product_tag?post=989066"}],"curies":[{"name":"wp","href":"https:\/\/api.w.org\/{rel}","templated":true}]}}